{"id":1391,"date":"2023-03-17T16:04:36","date_gmt":"2023-03-17T15:04:36","guid":{"rendered":"https:\/\/klimapaktfirbetriber.lu\/programme\/"},"modified":"2024-08-30T09:00:09","modified_gmt":"2024-08-30T07:00:09","slug":"programm","status":"publish","type":"page","link":"https:\/\/www.klimapaktfirbetriber.lu\/de\/programm\/","title":{"rendered":"<span lang=\"lu\">Klimapakt fir Betriber<\/span>: Unterst\u00fctzung der Unternehmen bei ihren Bem\u00fchungen zur Dekarbonisierung und Energiewende"},"content":{"rendered":"\n<h2 class=\"wp-block-heading\">Energie- und Klimapolitik: Begleitung von luxemburgischen Unternehmen<\/h2>\n\n\n\n<p>Der Klimpakt fir Betriber ist eine Initiative der luxemburgischen Regierung (Ministerium f\u00fcr Wirtschaft, Abteilung Beihilfen f\u00fcr KMU, und Ministerium f\u00fcr Umwelt, Klima und Biodiversit\u00e4t) in Zusammenarbeit mit Klima-Agence und Luxinnovation, um Unternehmen bei der Dekarbonisierung und der Energiewende durch einen strukturierten und koordinierten Ansatz zu unterst\u00fctzen, der die Nutzung verschiedener Initiativen, Programme, Begleitungen und finanzieller Hilfen erleichtert.<\/p>\n\n\n\n<h3 class=\"wp-block-heading\">Erfahren Sie, welche Ma\u00dfnahmen Sie in Ihrem Unternehmen umsetzen k\u00f6nnen<\/h3>\n\n\n\n<p>Die aktuelle Website bietet einen Katalog mit umsetzungsbereiten Ma\u00dfnahmen und innovativen L\u00f6sungen, die sowohl von kleinen als auch von gro\u00dfen luxemburgischen Unternehmen umgesetzt werden k\u00f6nnen. Die Ma\u00dfnahmen k\u00f6nnen je nach Umfang variieren: von der Installation einer Photovoltaikanlage bis hin zur Beantragung von F\u00f6rdermitteln oder der Erstellung eines Renovierungskonzepts. <a href=\"https:\/\/klimapaktfirbetriber.lu\/de\/massnahmen\/\" target=\"_blank\" data-type=\"link\" data-id=\"https:\/\/klimapaktfirbetriber.lu\/mesures\/\" rel=\"noreferrer noopener\">Beginnen Sie Ihre Suche<\/a>, indem Sie den T\u00e4tigkeitsbereich identifizieren, f\u00fcr den Sie die bestehenden Ma\u00dfnahmen entdecken m\u00f6chten.<\/p>\n\n\n\n<h3 class=\"wp-block-heading\">Partner des Programms Klimapakt fir Betriber<\/h3>\n\n\n\n<p>Das Programm Klimapakt fir Betriber wird von <a href=\"https:\/\/www.klima-agence.lu\/de\" target=\"_blank\" data-type=\"link\" data-id=\"https:\/\/www.klima-agence.lu\/de\" rel=\"noreferrer noopener\">Klima-Agence<\/a> und <a href=\"https:\/\/www.luxinnovation.lu\/\" target=\"_blank\" data-type=\"link\" data-id=\"https:\/\/www.luxinnovation.lu\/\" rel=\"noreferrer noopener\">Luxinnovation <\/a>in Partnerschaft mit den betroffenen Bereichen durchgef\u00fchrt.<\/p>\n\n\n\n<div class=\"wp-block-group has-light-green-background-color has-background\"><div class=\"wp-block-group__inner-container is-layout-constrained wp-block-group-is-layout-constrained\">\n<h3 class=\"wp-block-heading\">Klima-Agence<\/h3>\n\n\n\n<p>Die Rolle von Klima-Agence als nationaler Energie- und Klimapartner besteht darin, die Entwicklung eines standardisierten Ma\u00dfnahmenkatalogs zu erleichtern, der die nationalen Ressourcen zur Umsetzung aufwertet, das Programm auf regionaler Ebene zu f\u00f6rdern, indem die Zusammenarbeit mit den Akteuren im kommunalen Bereich, die sich im Klimapakt f\u00fcr Gemeinden (Pacte Climat) engagieren, aufgewertet wird, ihre Expertise im Bereich der Energiewende und des Klimaschutzes zur Verf\u00fcgung zu stellen sowie Instrumente zu entwickeln, die die Priorisierung und Umsetzung von Ma\u00dfnahmen entsprechend den Bed\u00fcrfnissen der betroffenen Unternehmen vereinfachen.<\/p>\n\n\n\n<h3 class=\"wp-block-heading\">Luxinnovation<\/h3>\n\n\n\n<p>Im Kontext des Klimapakts fir Betriber unterst\u00fctzt Luxinnovation, die nationale Innovationsagentur, Unternehmen dabei, durch Innovationen nachhaltiger zu werden und ihren CO2-Fu\u00dfabdruck zu verringern. Die daf\u00fcr vorgesehenen Dienstleistungen sind im Sustainability Innovation Hub zusammengefasst, der unter anderem das Programm &#8222;Fit 4 Sustainability&#8220;, den Zugang zu Finanzhilfen und Pilotprojekte zur Entwicklung nachhaltiger L\u00f6sungen f\u00fcr Unternehmensgruppen in bestimmten T\u00e4tigkeitsbereichen oder je nach Art des Gewerbes umfasst. Um den Unternehmen die Einf\u00fchrung geeigneter innovativer Produkte, Dienstleistungen, L\u00f6sungen und Technologien zu erleichtern, hat Luxinnovation eine Kartografie der Nachhaltigkeitsf\u00f6rderer erstellt.<\/p>\n<\/div><\/div>\n\n\n\n<h3 class=\"wp-block-heading\">Ein Konzept in enger Partnerschaft mit den betroffenen Sektoren<\/h3>\n\n\n\n<p>Ein Lenkungsausschuss begleitet die Umsetzung des Programms Klimapakt fir Betriber, um eine strategische Begleitung der Ma\u00dfnahme zu realisieren und die Zusammenarbeit und enge Abstimmung der Partner rund um die Thematik des Energiewandels und der Dekarbonisierung der Unternehmen zu verst\u00e4rken. Neben den betroffenen Ministerien, Klima-Agence und Luxinnovation besteht dieser Ausschuss aus den folgenden Organisationen:<\/p>\n\n\n\n<ul class=\"wp-block-list\">\n<li><a href=\"https:\/\/fda.lu\/\" data-type=\"URL\" data-id=\"https:\/\/fda.lu\/\" target=\"_blank\" rel=\"noreferrer noopener\">die F\u00e9d\u00e9ration des artisans<\/a><\/li>\n\n\n\n<li><a href=\"https:\/\/fedil.lu\/fr\/\" data-type=\"URL\" data-id=\"https:\/\/fedil.lu\/fr\/\" target=\"_blank\" rel=\"noreferrer noopener\">die FEDIL<\/a><\/li>\n\n\n\n<li><a href=\"https:\/\/www.cdm.lu\/\" data-type=\"URL\" data-id=\"https:\/\/www.cdm.lu\/\" target=\"_blank\" rel=\"noreferrer noopener\">die Chambre des M\u00e9tiers<\/a><\/li>\n\n\n\n<li><a href=\"https:\/\/www.cc.lu\/de\/\" target=\"_blank\" data-type=\"URL\" data-id=\"https:\/\/www.cc.lu\/\" rel=\"noreferrer noopener\">die Chambre de Commerce<\/a><\/li>\n\n\n\n<li><a href=\"https:\/\/confederation.lu\/de\" target=\"_blank\" data-type=\"link\" data-id=\"https:\/\/confederation.lu\/de\" rel=\"noreferrer noopener\">Luxembourg Confederation.<\/a><\/li>\n<\/ul>\n","protected":false},"excerpt":{"rendered":"<p>Energie- und Klimapolitik: Begleitung von luxemburgischen Unternehmen Der Klimpakt fir Betriber ist eine Initiative der luxemburgischen Regierung (Ministerium f\u00fcr Wirtschaft, Abteilung Beihilfen f\u00fcr KMU, und Ministerium f\u00fcr Umwelt, Klima und Biodiversit\u00e4t) in Zusammenarbeit mit Klima-Agence und Luxinnovation, um Unternehmen bei der Dekarbonisierung und der Energiewende durch einen strukturierten und koordinierten Ansatz zu unterst\u00fctzen, der die [&hellip;]<\/p>\n","protected":false},"author":3,"featured_media":444,"parent":0,"menu_order":0,"comment_status":"closed","ping_status":"closed","template":"","meta":{"_acf_changed":false,"footnotes":""},"class_list":["post-1391","page","type-page","status-publish","has-post-thumbnail","hentry"],"acf":[],"_links":{"self":[{"href":"https:\/\/www.klimapaktfirbetriber.lu\/de\/wp-json\/wp\/v2\/pages\/1391","targetHints":{"allow":["GET"]}}],"collection":[{"href":"https:\/\/www.klimapaktfirbetriber.lu\/de\/wp-json\/wp\/v2\/pages"}],"about":[{"href":"https:\/\/www.klimapaktfirbetriber.lu\/de\/wp-json\/wp\/v2\/types\/page"}],"author":[{"embeddable":true,"href":"https:\/\/www.klimapaktfirbetriber.lu\/de\/wp-json\/wp\/v2\/users\/3"}],"replies":[{"embeddable":true,"href":"https:\/\/www.klimapaktfirbetriber.lu\/de\/wp-json\/wp\/v2\/comments?post=1391"}],"version-history":[{"count":7,"href":"https:\/\/www.klimapaktfirbetriber.lu\/de\/wp-json\/wp\/v2\/pages\/1391\/revisions"}],"predecessor-version":[{"id":4050,"href":"https:\/\/www.klimapaktfirbetriber.lu\/de\/wp-json\/wp\/v2\/pages\/1391\/revisions\/4050"}],"wp:featuredmedia":[{"embeddable":true,"href":"https:\/\/www.klimapaktfirbetriber.lu\/de\/wp-json\/wp\/v2\/media\/444"}],"wp:attachment":[{"href":"https:\/\/www.klimapaktfirbetriber.lu\/de\/wp-json\/wp\/v2\/media?parent=1391"}],"curies":[{"name":"wp","href":"https:\/\/api.w.org\/{rel}","templated":true}]}}