{"id":1432,"date":"2023-03-17T14:51:41","date_gmt":"2023-03-17T13:51:41","guid":{"rendered":"https:\/\/klimapaktfirbetriber.lu\/mentions-legales\/"},"modified":"2023-09-13T10:43:00","modified_gmt":"2023-09-13T08:43:00","slug":"impressum","status":"publish","type":"page","link":"https:\/\/www.klimapaktfirbetriber.lu\/de\/impressum\/","title":{"rendered":"Impressum"},"content":{"rendered":"\n<p>Klima-Agence G.I.E. betreibt diese Webseite (im Folgenden &#8222;die Webseite&#8220;), um den \u00f6ffentlichen Zugang zu Informationen \u00fcber das Programm Klimapakt fir Betriber zu f\u00f6rdern, eine von der Regierung gef\u00f6rderte Initiative im Bereich der Dekarbonisierung und der Energiewende von Unternehmen.<\/p>\n\n\n\n<h2 class=\"wp-block-heading\">Haftungsbeschr\u00e4nkung<\/h2>\n\n\n\n<p>Der Inhalt der Webseite klimapaktfirbetriber.lu wird ausschlie\u00dflich zu Informationszwecken angegeben. Die Webseite kann Angaben enthalten, die nicht notwendigerweise vollst\u00e4ndig, umfassend und aktuell sind oder der Realit\u00e4t des gegenw\u00e4rtigen Zeitpunkts entsprechen. Es wird jede Anstrengung unternommen, um korrekte und aktuelle Informationen \u00fcber die Webseite bereitzustellen. Es kann jedoch keine Gew\u00e4hr f\u00fcr die Richtigkeit dieser Informationen \u00fcbernommen werden. Klima-Agence G.I.E. setzt alles daran, alle eventuellen Fehler zu berichtigen, von denen wir Kenntnis erhalten haben.<\/p>\n\n\n\n<p>Klima-Agence G.I.E. lehnt jede Verantwortung bez\u00fcglich der durch die Webseite vebreiteten Informationen ab. Im Allgemeinen bezieht sich die Webseite auf externe Webseiten, \u00fcber die Klima-Agence G.I.E. keine Kontrolle aus\u00fcbt und f\u00fcr die wir, wie auch f\u00fcr deren Inhalt, jegliche Verantwortung ablehnen.<\/p>\n\n\n\n<p>Die Gew\u00e4hrung eines F\u00f6rderbetrages kann nicht auf der Grundlage der auf der Webseite enthaltenen Informationen beantragt werden.<\/p>\n\n\n\n<p>Im Zweifelsfall oder bei Diskrepanzen zwischen den Texten sind ausschlie\u00dflich die im Memorial ver\u00f6ffentlichten Texte ma\u00dfgebend. Klima-Agence G.I.E. lehnt jede Verantwortung im Falle der Nutzung der auf der Webseite ver\u00f6ffentlichten Informationen durch Dritte ab.<\/p>\n\n\n\n<h2 class=\"wp-block-heading\">Urheberrecht<\/h2>\n\n\n\n<p>Vorbehaltlich anderslautender Angaben ist die Verbreitung der auf der Webseite enthaltenen Informationen f\u00fcr nicht kommerzielle Zwecke gestattet, sofern die Quelle ausdr\u00fccklich angegeben wird. Diese Bestimmung gilt nicht f\u00fcr Informationen auf der Webseite, die Eigentum Dritter sind. Die Erlaubnis zur Wiedergabe dieses Materials muss beim Inhaber des Urheberrechts eingeholt werden.<\/p>\n","protected":false},"excerpt":{"rendered":"<p>Klima-Agence G.I.E. betreibt diese Webseite (im Folgenden &#8222;die Webseite&#8220;), um den \u00f6ffentlichen Zugang zu Informationen \u00fcber das Programm Klimapakt fir Betriber zu f\u00f6rdern, eine von der Regierung gef\u00f6rderte Initiative im Bereich der Dekarbonisierung und der Energiewende von Unternehmen. Haftungsbeschr\u00e4nkung Der Inhalt der Webseite klimapaktfirbetriber.lu wird ausschlie\u00dflich zu Informationszwecken angegeben. Die Webseite kann Angaben enthalten, die [&hellip;]<\/p>\n","protected":false},"author":3,"featured_media":0,"parent":0,"menu_order":0,"comment_status":"closed","ping_status":"closed","template":"","meta":{"_acf_changed":false,"footnotes":""},"class_list":["post-1432","page","type-page","status-publish","hentry"],"acf":[],"_links":{"self":[{"href":"https:\/\/www.klimapaktfirbetriber.lu\/de\/wp-json\/wp\/v2\/pages\/1432","targetHints":{"allow":["GET"]}}],"collection":[{"href":"https:\/\/www.klimapaktfirbetriber.lu\/de\/wp-json\/wp\/v2\/pages"}],"about":[{"href":"https:\/\/www.klimapaktfirbetriber.lu\/de\/wp-json\/wp\/v2\/types\/page"}],"author":[{"embeddable":true,"href":"https:\/\/www.klimapaktfirbetriber.lu\/de\/wp-json\/wp\/v2\/users\/3"}],"replies":[{"embeddable":true,"href":"https:\/\/www.klimapaktfirbetriber.lu\/de\/wp-json\/wp\/v2\/comments?post=1432"}],"version-history":[{"count":1,"href":"https:\/\/www.klimapaktfirbetriber.lu\/de\/wp-json\/wp\/v2\/pages\/1432\/revisions"}],"predecessor-version":[{"id":1433,"href":"https:\/\/www.klimapaktfirbetriber.lu\/de\/wp-json\/wp\/v2\/pages\/1432\/revisions\/1433"}],"wp:attachment":[{"href":"https:\/\/www.klimapaktfirbetriber.lu\/de\/wp-json\/wp\/v2\/media?parent=1432"}],"curies":[{"name":"wp","href":"https:\/\/api.w.org\/{rel}","templated":true}]}}